{"id":23271,"date":"2022-12-28T12:42:30","date_gmt":"2022-12-28T09:42:30","guid":{"rendered":"https:\/\/pimakina.com\/hr\/"},"modified":"2023-06-08T10:30:09","modified_gmt":"2023-06-08T07:30:09","slug":"hr","status":"publish","type":"page","link":"https:\/\/pimakina.com\/ro\/hr\/","title":{"rendered":"RU"},"content":{"rendered":"\t\t<div data-elementor-type=\"wp-page\" data-elementor-id=\"23271\" class=\"elementor elementor-23271\">\n\t\t\t\t\t\t<section class=\"elementor-section elementor-top-section elementor-element elementor-element-2ab8e44 elementor-section-height-min-height elementor-section-boxed elementor-section-height-default elementor-section-items-middle\" data-id=\"2ab8e44\" data-element_type=\"section\" data-e-type=\"section\" data-settings=\"{&quot;background_background&quot;:&quot;classic&quot;,&quot;ekit_has_onepagescroll_dot&quot;:&quot;yes&quot;}\">\n\t\t\t\t\t\t<div class=\"elementor-container elementor-column-gap-no\">\n\t\t\t\t\t<div class=\"elementor-column elementor-col-100 elementor-top-column elementor-element elementor-element-cfe6e07\" data-id=\"cfe6e07\" data-element_type=\"column\" data-e-type=\"column\">\n\t\t\t<div class=\"elementor-widget-wrap elementor-element-populated\">\n\t\t\t\t\t\t<div class=\"elementor-element elementor-element-c017d24 elementor-widget elementor-widget-elementskit-breadcrumb\" data-id=\"c017d24\" data-element_type=\"widget\" data-e-type=\"widget\" data-settings=\"{&quot;ekit_we_effect_on&quot;:&quot;none&quot;}\" data-widget_type=\"elementskit-breadcrumb.default\">\n\t\t\t\t<div class=\"elementor-widget-container\">\n\t\t\t\t\t<div class=\"ekit-wid-con\" ><ol class=\"ekit-breadcrumb\"><li><a href=\"https:\/\/pimakina.com\/ro\/\">Home<\/a><\/li><\/ol><\/div>\t\t\t\t<\/div>\n\t\t\t\t<\/div>\n\t\t\t\t\t<\/div>\n\t\t<\/div>\n\t\t\t\t\t<\/div>\n\t\t<\/section>\n\t\t\t\t<section class=\"elementor-section elementor-top-section elementor-element elementor-element-0726aca elementor-section-boxed elementor-section-height-default elementor-section-height-default\" data-id=\"0726aca\" data-element_type=\"section\" data-e-type=\"section\" data-settings=\"{&quot;ekit_has_onepagescroll_dot&quot;:&quot;yes&quot;}\">\n\t\t\t\t\t\t<div class=\"elementor-container elementor-column-gap-default\">\n\t\t\t\t\t<div class=\"elementor-column elementor-col-100 elementor-top-column elementor-element elementor-element-bede6f9\" data-id=\"bede6f9\" data-element_type=\"column\" data-e-type=\"column\">\n\t\t\t<div class=\"elementor-widget-wrap elementor-element-populated\">\n\t\t\t\t\t\t<div class=\"elementor-element elementor-element-5b3caa5 elementor-widget elementor-widget-creote-content-box-v1\" data-id=\"5b3caa5\" data-element_type=\"widget\" data-e-type=\"widget\" data-settings=\"{&quot;ekit_we_effect_on&quot;:&quot;none&quot;}\" data-widget_type=\"creote-content-box-v1.default\">\n\t\t\t\t<div class=\"elementor-widget-container\">\n\t\t\t\t\t    \r\n<div class=\"content_box_cn  style_one\"\r\n     data-aos=\"fade-up\"  data-aos-offset=\"0\"\r\n    data-aos-delay=\"0\" >\r\n                <div class=\"txt_content\">\r\n                <h3>\r\n            \r\n                Resurse umane            \r\n        <\/h3>\r\n                        <p>\r\n            Este s\u0103 evalu\u0103m resursele umane \u00een cel mai bun mod posibil, \u00een conformitate cu scopul, viziunea companiei \u0219i misiunea companiei noastre, \u0219i s\u0103 preg\u0103tim \u0219i s\u0103 dezvolt\u0103m infrastructura de for\u021b\u0103 de munc\u0103 necesar\u0103 pentru ca compania s\u0103-\u0219i realizeze scopurile \u0219i obiectivele \u0219i s\u0103 stabileasc\u0103 un sistem de \u00eenv\u0103\u021bare permanent. \u0219i organizarea creativ\u0103 folosind tehnici moderne de management. Politica noastr\u0103 de Resurse Umane se bazeaz\u0103 pe premisa de a contribui la sporirea capitalului intelectual pentru men\u021binerea competitivit\u0103\u021bii \u0219i crearea unui profil de angajat care este specializat \u00een profesie, are competen\u021b\u0103 social\u0103 avansat\u0103, este foarte motivat \u0219i creeaz\u0103 valoare ad\u0103ugat\u0103 \u0219i de a gestiona, dirija, \u0219i dezvoltarea corect\u0103 a resurselor umane. Caracteristica comun\u0103 c\u0103utat\u0103 la candida\u021bii care urmeaz\u0103 s\u0103 fie recruta\u021bi \u00een aceast\u0103 direc\u021bie este de a poseda tr\u0103s\u0103turi de personalitate direct propor\u021bionale cu valorile noastre, pe l\u00e2ng\u0103 preg\u0103tirea, cuno\u0219tin\u021bele tehnice \u0219i competen\u021bele cerute de post. A fi cinstit, a \u00eembr\u0103\u021bi\u0219a colegii, corpora\u021biile \u0219i grupurile, producerea de idei creative orientate spre rezultate \u0219i capacitatea de a veni cu solu\u021bii inovatoare reprezint\u0103 criteriile prioritare. Este unul dintre obiectivele noastre de a contribui la angajarea \u00een echipa noastr\u0103 de \u201eoameni potrivi\u021bi\u201d care adopt\u0103 o abordare egalitar\u0103 f\u0103r\u0103 discriminare \u00eentre gen, limb\u0103, religie, ras\u0103 \u0219i nu \u00ee\u0219i compromit angajamentul fa\u021b\u0103 de valorile etice \u0219i sus\u021bin dezvoltarea continu\u0103. \u00cen conformitate cu cele de mai sus, Pi Makina, pe baza viziunii, misiunii \u0219i valorilor sale corporative, \u00ee\u0219i propune s\u0103-\u0219i ghideze viitorul cu valoarea pe care o atribuie oamenilor \u0219i m\u0103rimea locurilor de munc\u0103 pe care o creeaz\u0103.        <\/p>\r\n            <\/div>\r\n            <\/div>\r\n\t\t\t\t<\/div>\n\t\t\t\t<\/div>\n\t\t\t\t\t<\/div>\n\t\t<\/div>\n\t\t\t\t\t<\/div>\n\t\t<\/section>\n\t\t\t\t<\/div>\n\t\t","protected":false},"excerpt":{"rendered":"<p>Home Resurse umane Este s\u0103 evalu\u0103m resursele umane \u00een cel mai bun mod posibil, \u00een conformitate cu scopul, viziunea companiei \u0219i misiunea companiei noastre, \u0219i s\u0103 preg\u0103tim \u0219i s\u0103 dezvolt\u0103m infrastructura de for\u021b\u0103 de munc\u0103 necesar\u0103 pentru ca compania s\u0103-\u0219i realizeze scopurile \u0219i obiectivele \u0219i s\u0103 stabileasc\u0103 un sistem de \u00eenv\u0103\u021bare permanent. \u0219i organizarea creativ\u0103 [&hellip;]<\/p>\n","protected":false},"author":1,"featured_media":0,"parent":0,"menu_order":0,"comment_status":"closed","ping_status":"closed","template":"template-fullwidth.php","meta":{"footnotes":""},"class_list":["post-23271","page","type-page","status-publish","hentry"],"yoast_head":"<!-- This site is optimized with the Yoast SEO plugin v26.9 - https:\/\/yoast.com\/product\/yoast-seo-wordpress\/ -->\n<title>RU - Pi Makina<\/title>\n<meta name=\"robots\" content=\"index, follow, max-snippet:-1, max-image-preview:large, max-video-preview:-1\" \/>\n<link rel=\"canonical\" href=\"https:\/\/pimakina.com\/ro\/hr\/\" \/>\n<meta property=\"og:locale\" content=\"ro_RO\" \/>\n<meta property=\"og:type\" content=\"article\" \/>\n<meta property=\"og:title\" content=\"RU - Pi Makina\" \/>\n<meta property=\"og:description\" content=\"Home Resurse umane Este s\u0103 evalu\u0103m resursele umane \u00een cel mai bun mod posibil, \u00een conformitate cu scopul, viziunea companiei \u0219i misiunea companiei noastre, \u0219i s\u0103 preg\u0103tim \u0219i s\u0103 dezvolt\u0103m infrastructura de for\u021b\u0103 de munc\u0103 necesar\u0103 pentru ca compania s\u0103-\u0219i realizeze scopurile \u0219i obiectivele \u0219i s\u0103 stabileasc\u0103 un sistem de \u00eenv\u0103\u021bare permanent. \u0219i organizarea creativ\u0103 [&hellip;]\" \/>\n<meta property=\"og:url\" content=\"https:\/\/pimakina.com\/ro\/hr\/\" \/>\n<meta property=\"og:site_name\" content=\"Pi Makina\" \/>\n<meta property=\"article:modified_time\" content=\"2023-06-08T07:30:09+00:00\" \/>\n<meta name=\"twitter:card\" content=\"summary_large_image\" \/>\n<meta name=\"twitter:label1\" content=\"Timp estimat pentru citire\" \/>\n\t<meta name=\"twitter:data1\" content=\"2 minute\" \/>\n<script type=\"application\/ld+json\" class=\"yoast-schema-graph\">{\"@context\":\"https:\/\/schema.org\",\"@graph\":[{\"@type\":\"WebPage\",\"@id\":\"https:\/\/pimakina.com\/ro\/hr\/\",\"url\":\"https:\/\/pimakina.com\/ro\/hr\/\",\"name\":\"RU - Pi Makina\",\"isPartOf\":{\"@id\":\"https:\/\/pimakina.com\/#website\"},\"datePublished\":\"2022-12-28T09:42:30+00:00\",\"dateModified\":\"2023-06-08T07:30:09+00:00\",\"breadcrumb\":{\"@id\":\"https:\/\/pimakina.com\/ro\/hr\/#breadcrumb\"},\"inLanguage\":\"ro-RO\",\"potentialAction\":[{\"@type\":\"ReadAction\",\"target\":[\"https:\/\/pimakina.com\/ro\/hr\/\"]}]},{\"@type\":\"BreadcrumbList\",\"@id\":\"https:\/\/pimakina.com\/ro\/hr\/#breadcrumb\",\"itemListElement\":[{\"@type\":\"ListItem\",\"position\":1,\"name\":\"Home\",\"item\":\"https:\/\/pimakina.com\/ro\/\"},{\"@type\":\"ListItem\",\"position\":2,\"name\":\"RU\"}]},{\"@type\":\"WebSite\",\"@id\":\"https:\/\/pimakina.com\/#website\",\"url\":\"https:\/\/pimakina.com\/\",\"name\":\"Pi Makina\",\"description\":\"\",\"alternateName\":\"Pi Makina\",\"potentialAction\":[{\"@type\":\"SearchAction\",\"target\":{\"@type\":\"EntryPoint\",\"urlTemplate\":\"https:\/\/pimakina.com\/?s={search_term_string}\"},\"query-input\":{\"@type\":\"PropertyValueSpecification\",\"valueRequired\":true,\"valueName\":\"search_term_string\"}}],\"inLanguage\":\"ro-RO\"}]}<\/script>\n<!-- \/ Yoast SEO plugin. -->","yoast_head_json":{"title":"RU - Pi Makina","robots":{"index":"index","follow":"follow","max-snippet":"max-snippet:-1","max-image-preview":"max-image-preview:large","max-video-preview":"max-video-preview:-1"},"canonical":"https:\/\/pimakina.com\/ro\/hr\/","og_locale":"ro_RO","og_type":"article","og_title":"RU - Pi Makina","og_description":"Home Resurse umane Este s\u0103 evalu\u0103m resursele umane \u00een cel mai bun mod posibil, \u00een conformitate cu scopul, viziunea companiei \u0219i misiunea companiei noastre, \u0219i s\u0103 preg\u0103tim \u0219i s\u0103 dezvolt\u0103m infrastructura de for\u021b\u0103 de munc\u0103 necesar\u0103 pentru ca compania s\u0103-\u0219i realizeze scopurile \u0219i obiectivele \u0219i s\u0103 stabileasc\u0103 un sistem de \u00eenv\u0103\u021bare permanent. \u0219i organizarea creativ\u0103 [&hellip;]","og_url":"https:\/\/pimakina.com\/ro\/hr\/","og_site_name":"Pi Makina","article_modified_time":"2023-06-08T07:30:09+00:00","twitter_card":"summary_large_image","twitter_misc":{"Timp estimat pentru citire":"2 minute"},"schema":{"@context":"https:\/\/schema.org","@graph":[{"@type":"WebPage","@id":"https:\/\/pimakina.com\/ro\/hr\/","url":"https:\/\/pimakina.com\/ro\/hr\/","name":"RU - Pi Makina","isPartOf":{"@id":"https:\/\/pimakina.com\/#website"},"datePublished":"2022-12-28T09:42:30+00:00","dateModified":"2023-06-08T07:30:09+00:00","breadcrumb":{"@id":"https:\/\/pimakina.com\/ro\/hr\/#breadcrumb"},"inLanguage":"ro-RO","potentialAction":[{"@type":"ReadAction","target":["https:\/\/pimakina.com\/ro\/hr\/"]}]},{"@type":"BreadcrumbList","@id":"https:\/\/pimakina.com\/ro\/hr\/#breadcrumb","itemListElement":[{"@type":"ListItem","position":1,"name":"Home","item":"https:\/\/pimakina.com\/ro\/"},{"@type":"ListItem","position":2,"name":"RU"}]},{"@type":"WebSite","@id":"https:\/\/pimakina.com\/#website","url":"https:\/\/pimakina.com\/","name":"Pi Makina","description":"","alternateName":"Pi Makina","potentialAction":[{"@type":"SearchAction","target":{"@type":"EntryPoint","urlTemplate":"https:\/\/pimakina.com\/?s={search_term_string}"},"query-input":{"@type":"PropertyValueSpecification","valueRequired":true,"valueName":"search_term_string"}}],"inLanguage":"ro-RO"}]}},"_links":{"self":[{"href":"https:\/\/pimakina.com\/ro\/wp-json\/wp\/v2\/pages\/23271","targetHints":{"allow":["GET"]}}],"collection":[{"href":"https:\/\/pimakina.com\/ro\/wp-json\/wp\/v2\/pages"}],"about":[{"href":"https:\/\/pimakina.com\/ro\/wp-json\/wp\/v2\/types\/page"}],"author":[{"embeddable":true,"href":"https:\/\/pimakina.com\/ro\/wp-json\/wp\/v2\/users\/1"}],"replies":[{"embeddable":true,"href":"https:\/\/pimakina.com\/ro\/wp-json\/wp\/v2\/comments?post=23271"}],"version-history":[{"count":0,"href":"https:\/\/pimakina.com\/ro\/wp-json\/wp\/v2\/pages\/23271\/revisions"}],"wp:attachment":[{"href":"https:\/\/pimakina.com\/ro\/wp-json\/wp\/v2\/media?parent=23271"}],"curies":[{"name":"wp","href":"https:\/\/api.w.org\/{rel}","templated":true}]}}