{"id":23250,"date":"2022-12-28T12:42:30","date_gmt":"2022-12-28T09:42:30","guid":{"rendered":"https:\/\/pimakina.com\/hr\/"},"modified":"2023-06-06T17:54:51","modified_gmt":"2023-06-06T14:54:51","slug":"hr","status":"publish","type":"page","link":"https:\/\/pimakina.com\/pl\/hr\/","title":{"rendered":"ZL"},"content":{"rendered":"\t\t<div data-elementor-type=\"wp-page\" data-elementor-id=\"23250\" class=\"elementor elementor-23250\">\n\t\t\t\t\t\t<section class=\"elementor-section elementor-top-section elementor-element elementor-element-2ab8e44 elementor-section-height-min-height elementor-section-boxed elementor-section-height-default elementor-section-items-middle\" data-id=\"2ab8e44\" data-element_type=\"section\" data-e-type=\"section\" data-settings=\"{&quot;background_background&quot;:&quot;classic&quot;,&quot;ekit_has_onepagescroll_dot&quot;:&quot;yes&quot;}\">\n\t\t\t\t\t\t<div class=\"elementor-container elementor-column-gap-no\">\n\t\t\t\t\t<div class=\"elementor-column elementor-col-100 elementor-top-column elementor-element elementor-element-cfe6e07\" data-id=\"cfe6e07\" data-element_type=\"column\" data-e-type=\"column\">\n\t\t\t<div class=\"elementor-widget-wrap elementor-element-populated\">\n\t\t\t\t\t\t<div class=\"elementor-element elementor-element-c017d24 elementor-widget elementor-widget-elementskit-breadcrumb\" data-id=\"c017d24\" data-element_type=\"widget\" data-e-type=\"widget\" data-settings=\"{&quot;ekit_we_effect_on&quot;:&quot;none&quot;}\" data-widget_type=\"elementskit-breadcrumb.default\">\n\t\t\t\t<div class=\"elementor-widget-container\">\n\t\t\t\t\t<div class=\"ekit-wid-con\" ><ol class=\"ekit-breadcrumb\"><li><a href=\"https:\/\/pimakina.com\/pl\/\">Home<\/a><\/li><\/ol><\/div>\t\t\t\t<\/div>\n\t\t\t\t<\/div>\n\t\t\t\t\t<\/div>\n\t\t<\/div>\n\t\t\t\t\t<\/div>\n\t\t<\/section>\n\t\t\t\t<section class=\"elementor-section elementor-top-section elementor-element elementor-element-0726aca elementor-section-boxed elementor-section-height-default elementor-section-height-default\" data-id=\"0726aca\" data-element_type=\"section\" data-e-type=\"section\" data-settings=\"{&quot;ekit_has_onepagescroll_dot&quot;:&quot;yes&quot;}\">\n\t\t\t\t\t\t<div class=\"elementor-container elementor-column-gap-default\">\n\t\t\t\t\t<div class=\"elementor-column elementor-col-100 elementor-top-column elementor-element elementor-element-bede6f9\" data-id=\"bede6f9\" data-element_type=\"column\" data-e-type=\"column\">\n\t\t\t<div class=\"elementor-widget-wrap elementor-element-populated\">\n\t\t\t\t\t\t<div class=\"elementor-element elementor-element-5b3caa5 elementor-widget elementor-widget-creote-content-box-v1\" data-id=\"5b3caa5\" data-element_type=\"widget\" data-e-type=\"widget\" data-settings=\"{&quot;ekit_we_effect_on&quot;:&quot;none&quot;}\" data-widget_type=\"creote-content-box-v1.default\">\n\t\t\t\t<div class=\"elementor-widget-container\">\n\t\t\t\t\t    \r\n<div class=\"content_box_cn  style_one\"\r\n     data-aos=\"fade-up\"  data-aos-offset=\"0\"\r\n    data-aos-delay=\"0\" >\r\n                <div class=\"txt_content\">\r\n                <h3>\r\n            \r\n                Zasoby ludzkie            \r\n        <\/h3>\r\n                        <p>\r\n            Jest ocena zasob\u00f3w ludzkich w najlepszy mo\u017cliwy spos\u00f3b zgodnie z celem, wizj\u0105 i misj\u0105 naszej firmy oraz przygotowanie i rozw\u00f3j niezb\u0119dnej infrastruktury kadrowej, aby firma mog\u0142a realizowa\u0107 swoje cele i zadania oraz stworzy\u0107 stale ucz\u0105cy si\u0119 i kreatywnej organizacji z wykorzystaniem nowoczesnych technik zarz\u0105dzania. Nasza Polityka Zasob\u00f3w Ludzkich opiera si\u0119 na za\u0142o\u017ceniu przyczyniania si\u0119 do wzrostu kapita\u0142u intelektualnego w celu utrzymania konkurencyjno\u015bci i tworzenia profilu pracownika wyspecjalizowanego w zawodzie, posiadaj\u0105cego zaawansowane kompetencje spo\u0142eczne, wysoce zmotywowanego i tworz\u0105cego warto\u015b\u0107 dodan\u0105 oraz zarz\u0105dzaj\u0105cego, kieruj\u0105cego, i prawid\u0142owo rozwija\u0107 zasoby ludzkie. Wsp\u00f3ln\u0105 cech\u0105 poszukiwan\u0105 u kandydat\u00f3w na ten kierunek s\u0105 cechy osobowo\u015bci wprost proporcjonalne do wyznawanych przez nas warto\u015bci, opr\u00f3cz wykszta\u0142cenia, wiedzy technicznej i kompetencji wymaganych na danym stanowisku. Uczciwo\u015b\u0107, akceptacja wsp\u00f3\u0142pracownik\u00f3w, korporacji i grup, tworzenie kreatywnych pomys\u0142\u00f3w zorientowanych na wyniki i umiej\u0119tno\u015b\u0107 opracowywania innowacyjnych rozwi\u0105za\u0144 to kryteria priorytetowe. Jednym z naszych cel\u00f3w jest przyczynianie si\u0119 do zatrudnienia w naszym zespole \u201ew\u0142a\u015bciwych ludzi\u201d, kt\u00f3rzy przyjmuj\u0105 egalitarne podej\u015bcie bez dyskryminacji ze wzgl\u0119du na p\u0142e\u0107, j\u0119zyk, religi\u0119, ras\u0119, nie rezygnuj\u0105 z przywi\u0105zania do warto\u015bci etycznych i wspieraj\u0105 ci\u0105g\u0142y rozw\u00f3j. Zgodnie z powy\u017cszym, Pi Makina, opieraj\u0105c si\u0119 na swojej wizji, misji i warto\u015bciach korporacyjnych, chce kierowa\u0107 swoj\u0105 przysz\u0142o\u015bci\u0105 warto\u015bci\u0105, jak\u0105 przypisuje ludziom i wielko\u015bci\u0105 tworzonego zatrudnienia.        <\/p>\r\n            <\/div>\r\n            <\/div>\r\n\t\t\t\t<\/div>\n\t\t\t\t<\/div>\n\t\t\t\t\t<\/div>\n\t\t<\/div>\n\t\t\t\t\t<\/div>\n\t\t<\/section>\n\t\t\t\t<\/div>\n\t\t","protected":false},"excerpt":{"rendered":"<p>Home Zasoby ludzkie Jest ocena zasob\u00f3w ludzkich w najlepszy mo\u017cliwy spos\u00f3b zgodnie z celem, wizj\u0105 i misj\u0105 naszej firmy oraz przygotowanie i rozw\u00f3j niezb\u0119dnej infrastruktury kadrowej, aby firma mog\u0142a realizowa\u0107 swoje cele i zadania oraz stworzy\u0107 stale ucz\u0105cy si\u0119 i kreatywnej organizacji z wykorzystaniem nowoczesnych technik zarz\u0105dzania. Nasza Polityka Zasob\u00f3w Ludzkich opiera si\u0119 na za\u0142o\u017ceniu [&hellip;]<\/p>\n","protected":false},"author":1,"featured_media":0,"parent":0,"menu_order":0,"comment_status":"closed","ping_status":"closed","template":"template-fullwidth.php","meta":{"footnotes":""},"class_list":["post-23250","page","type-page","status-publish","hentry"],"yoast_head":"<!-- This site is optimized with the Yoast SEO plugin v26.9 - https:\/\/yoast.com\/product\/yoast-seo-wordpress\/ -->\n<title>ZL - Pi Makina<\/title>\n<meta name=\"robots\" content=\"index, follow, max-snippet:-1, max-image-preview:large, max-video-preview:-1\" \/>\n<link rel=\"canonical\" href=\"https:\/\/pimakina.com\/pl\/hr\/\" \/>\n<meta property=\"og:locale\" content=\"pl_PL\" \/>\n<meta property=\"og:type\" content=\"article\" \/>\n<meta property=\"og:title\" content=\"ZL - Pi Makina\" \/>\n<meta property=\"og:description\" content=\"Home Zasoby ludzkie Jest ocena zasob\u00f3w ludzkich w najlepszy mo\u017cliwy spos\u00f3b zgodnie z celem, wizj\u0105 i misj\u0105 naszej firmy oraz przygotowanie i rozw\u00f3j niezb\u0119dnej infrastruktury kadrowej, aby firma mog\u0142a realizowa\u0107 swoje cele i zadania oraz stworzy\u0107 stale ucz\u0105cy si\u0119 i kreatywnej organizacji z wykorzystaniem nowoczesnych technik zarz\u0105dzania. Nasza Polityka Zasob\u00f3w Ludzkich opiera si\u0119 na za\u0142o\u017ceniu [&hellip;]\" \/>\n<meta property=\"og:url\" content=\"https:\/\/pimakina.com\/pl\/hr\/\" \/>\n<meta property=\"og:site_name\" content=\"Pi Makina\" \/>\n<meta property=\"article:modified_time\" content=\"2023-06-06T14:54:51+00:00\" \/>\n<meta name=\"twitter:card\" content=\"summary_large_image\" \/>\n<meta name=\"twitter:label1\" content=\"Szacowany czas czytania\" \/>\n\t<meta name=\"twitter:data1\" content=\"1 minuta\" \/>\n<script type=\"application\/ld+json\" class=\"yoast-schema-graph\">{\"@context\":\"https:\/\/schema.org\",\"@graph\":[{\"@type\":\"WebPage\",\"@id\":\"https:\/\/pimakina.com\/pl\/hr\/\",\"url\":\"https:\/\/pimakina.com\/pl\/hr\/\",\"name\":\"ZL - Pi Makina\",\"isPartOf\":{\"@id\":\"https:\/\/pimakina.com\/#website\"},\"datePublished\":\"2022-12-28T09:42:30+00:00\",\"dateModified\":\"2023-06-06T14:54:51+00:00\",\"breadcrumb\":{\"@id\":\"https:\/\/pimakina.com\/pl\/hr\/#breadcrumb\"},\"inLanguage\":\"pl-PL\",\"potentialAction\":[{\"@type\":\"ReadAction\",\"target\":[\"https:\/\/pimakina.com\/pl\/hr\/\"]}]},{\"@type\":\"BreadcrumbList\",\"@id\":\"https:\/\/pimakina.com\/pl\/hr\/#breadcrumb\",\"itemListElement\":[{\"@type\":\"ListItem\",\"position\":1,\"name\":\"Home\",\"item\":\"https:\/\/pimakina.com\/ru\/\"},{\"@type\":\"ListItem\",\"position\":2,\"name\":\"ZL\"}]},{\"@type\":\"WebSite\",\"@id\":\"https:\/\/pimakina.com\/#website\",\"url\":\"https:\/\/pimakina.com\/\",\"name\":\"Pi Makina\",\"description\":\"\",\"alternateName\":\"Pi Makina\",\"potentialAction\":[{\"@type\":\"SearchAction\",\"target\":{\"@type\":\"EntryPoint\",\"urlTemplate\":\"https:\/\/pimakina.com\/?s={search_term_string}\"},\"query-input\":{\"@type\":\"PropertyValueSpecification\",\"valueRequired\":true,\"valueName\":\"search_term_string\"}}],\"inLanguage\":\"pl-PL\"}]}<\/script>\n<!-- \/ Yoast SEO plugin. -->","yoast_head_json":{"title":"ZL - Pi Makina","robots":{"index":"index","follow":"follow","max-snippet":"max-snippet:-1","max-image-preview":"max-image-preview:large","max-video-preview":"max-video-preview:-1"},"canonical":"https:\/\/pimakina.com\/pl\/hr\/","og_locale":"pl_PL","og_type":"article","og_title":"ZL - Pi Makina","og_description":"Home Zasoby ludzkie Jest ocena zasob\u00f3w ludzkich w najlepszy mo\u017cliwy spos\u00f3b zgodnie z celem, wizj\u0105 i misj\u0105 naszej firmy oraz przygotowanie i rozw\u00f3j niezb\u0119dnej infrastruktury kadrowej, aby firma mog\u0142a realizowa\u0107 swoje cele i zadania oraz stworzy\u0107 stale ucz\u0105cy si\u0119 i kreatywnej organizacji z wykorzystaniem nowoczesnych technik zarz\u0105dzania. Nasza Polityka Zasob\u00f3w Ludzkich opiera si\u0119 na za\u0142o\u017ceniu [&hellip;]","og_url":"https:\/\/pimakina.com\/pl\/hr\/","og_site_name":"Pi Makina","article_modified_time":"2023-06-06T14:54:51+00:00","twitter_card":"summary_large_image","twitter_misc":{"Szacowany czas czytania":"1 minuta"},"schema":{"@context":"https:\/\/schema.org","@graph":[{"@type":"WebPage","@id":"https:\/\/pimakina.com\/pl\/hr\/","url":"https:\/\/pimakina.com\/pl\/hr\/","name":"ZL - Pi Makina","isPartOf":{"@id":"https:\/\/pimakina.com\/#website"},"datePublished":"2022-12-28T09:42:30+00:00","dateModified":"2023-06-06T14:54:51+00:00","breadcrumb":{"@id":"https:\/\/pimakina.com\/pl\/hr\/#breadcrumb"},"inLanguage":"pl-PL","potentialAction":[{"@type":"ReadAction","target":["https:\/\/pimakina.com\/pl\/hr\/"]}]},{"@type":"BreadcrumbList","@id":"https:\/\/pimakina.com\/pl\/hr\/#breadcrumb","itemListElement":[{"@type":"ListItem","position":1,"name":"Home","item":"https:\/\/pimakina.com\/ru\/"},{"@type":"ListItem","position":2,"name":"ZL"}]},{"@type":"WebSite","@id":"https:\/\/pimakina.com\/#website","url":"https:\/\/pimakina.com\/","name":"Pi Makina","description":"","alternateName":"Pi Makina","potentialAction":[{"@type":"SearchAction","target":{"@type":"EntryPoint","urlTemplate":"https:\/\/pimakina.com\/?s={search_term_string}"},"query-input":{"@type":"PropertyValueSpecification","valueRequired":true,"valueName":"search_term_string"}}],"inLanguage":"pl-PL"}]}},"_links":{"self":[{"href":"https:\/\/pimakina.com\/pl\/wp-json\/wp\/v2\/pages\/23250","targetHints":{"allow":["GET"]}}],"collection":[{"href":"https:\/\/pimakina.com\/pl\/wp-json\/wp\/v2\/pages"}],"about":[{"href":"https:\/\/pimakina.com\/pl\/wp-json\/wp\/v2\/types\/page"}],"author":[{"embeddable":true,"href":"https:\/\/pimakina.com\/pl\/wp-json\/wp\/v2\/users\/1"}],"replies":[{"embeddable":true,"href":"https:\/\/pimakina.com\/pl\/wp-json\/wp\/v2\/comments?post=23250"}],"version-history":[{"count":0,"href":"https:\/\/pimakina.com\/pl\/wp-json\/wp\/v2\/pages\/23250\/revisions"}],"wp:attachment":[{"href":"https:\/\/pimakina.com\/pl\/wp-json\/wp\/v2\/media?parent=23250"}],"curies":[{"name":"wp","href":"https:\/\/api.w.org\/{rel}","templated":true}]}}