{"id":16094,"date":"2022-12-28T12:42:30","date_gmt":"2022-12-28T09:42:30","guid":{"rendered":"https:\/\/pimakina.com\/hr\/"},"modified":"2023-05-22T17:29:28","modified_gmt":"2023-05-22T14:29:28","slug":"rh","status":"publish","type":"page","link":"https:\/\/pimakina.com\/fr\/rh\/","title":{"rendered":"RH"},"content":{"rendered":"\t\t<div data-elementor-type=\"wp-page\" data-elementor-id=\"16094\" class=\"elementor elementor-16094\">\n\t\t\t\t\t\t<section class=\"elementor-section elementor-top-section elementor-element elementor-element-5d73a99 elementor-section-height-min-height elementor-section-boxed elementor-section-height-default elementor-section-items-middle\" data-id=\"5d73a99\" data-element_type=\"section\" data-e-type=\"section\" data-settings=\"{&quot;background_background&quot;:&quot;classic&quot;,&quot;ekit_has_onepagescroll_dot&quot;:&quot;yes&quot;}\">\n\t\t\t\t\t\t<div class=\"elementor-container elementor-column-gap-no\">\n\t\t\t\t\t<div class=\"elementor-column elementor-col-100 elementor-top-column elementor-element elementor-element-13bd8d0\" data-id=\"13bd8d0\" data-element_type=\"column\" data-e-type=\"column\">\n\t\t\t<div class=\"elementor-widget-wrap elementor-element-populated\">\n\t\t\t\t\t\t<div class=\"elementor-element elementor-element-72b7207 elementor-widget elementor-widget-elementskit-breadcrumb\" data-id=\"72b7207\" data-element_type=\"widget\" data-e-type=\"widget\" data-settings=\"{&quot;ekit_we_effect_on&quot;:&quot;none&quot;}\" data-widget_type=\"elementskit-breadcrumb.default\">\n\t\t\t\t<div class=\"elementor-widget-container\">\n\t\t\t\t\t<div class=\"ekit-wid-con\" ><ol class=\"ekit-breadcrumb\"><li><a href=\"https:\/\/pimakina.com\/fr\/\">Home<\/a><\/li><\/ol><\/div>\t\t\t\t<\/div>\n\t\t\t\t<\/div>\n\t\t\t\t\t<\/div>\n\t\t<\/div>\n\t\t\t\t\t<\/div>\n\t\t<\/section>\n\t\t\t\t<section class=\"elementor-section elementor-top-section elementor-element elementor-element-0726aca elementor-section-boxed elementor-section-height-default elementor-section-height-default\" data-id=\"0726aca\" data-element_type=\"section\" data-e-type=\"section\" data-settings=\"{&quot;ekit_has_onepagescroll_dot&quot;:&quot;yes&quot;}\">\n\t\t\t\t\t\t<div class=\"elementor-container elementor-column-gap-default\">\n\t\t\t\t\t<div class=\"elementor-column elementor-col-100 elementor-top-column elementor-element elementor-element-bede6f9\" data-id=\"bede6f9\" data-element_type=\"column\" data-e-type=\"column\">\n\t\t\t<div class=\"elementor-widget-wrap elementor-element-populated\">\n\t\t\t\t\t\t<div class=\"elementor-element elementor-element-5b3caa5 elementor-widget elementor-widget-creote-content-box-v1\" data-id=\"5b3caa5\" data-element_type=\"widget\" data-e-type=\"widget\" data-settings=\"{&quot;ekit_we_effect_on&quot;:&quot;none&quot;}\" data-widget_type=\"creote-content-box-v1.default\">\n\t\t\t\t<div class=\"elementor-widget-container\">\n\t\t\t\t\t    \r\n<div class=\"content_box_cn  style_one\"\r\n     data-aos=\"fade-up\"  data-aos-offset=\"0\"\r\n    data-aos-delay=\"0\" >\r\n                <div class=\"txt_content\">\r\n                <h3>\r\n            \r\n                L'objectif de notre entreprise en termes de ressources humaines            \r\n        <\/h3>\r\n                        <p>\r\n            \nest d'\u00e9valuer les ressources humaines de la meilleure mani\u00e8re possible en fonction de l'objectif, de la vision d'entreprise et de la mission de notre entreprise, et de pr\u00e9parer et d\u00e9velopper l'infrastructure de main-d'\u0153uvre n\u00e9cessaire afin que l'entreprise puisse r\u00e9aliser son buts et objectifs, et mettre en place une organisation cr\u00e9ative et en constante apprentissage en utilisant des techniques de gestion modernes. Notre politique de ressources humaines est bas\u00e9e sur la pr\u00e9misse de contribuer \u00e0 la valorisation du capital intellectuel pour maintenir la comp\u00e9titivit\u00e9 et de cr\u00e9er un profil d'employ\u00e9 sp\u00e9cialis\u00e9 dans la profession, dot\u00e9 de comp\u00e9tences sociales avanc\u00e9es, tr\u00e8s motiv\u00e9 et cr\u00e9ateur de valeur ajout\u00e9e, et de g\u00e9rer, diriger, et d\u00e9velopper correctement les ressources humaines. La caract\u00e9ristique commune recherch\u00e9e chez les candidats \u00e0 recruter dans ce sens est de poss\u00e9der des traits de personnalit\u00e9 directement proportionnels \u00e0 nos valeurs, en plus de la formation, des connaissances techniques et des comp\u00e9tences requises par le poste. \u00catre honn\u00eate, embrasser ses coll\u00e8gues, l'entreprise et les groupes, produire des id\u00e9es cr\u00e9atives ax\u00e9es sur les r\u00e9sultats et \u00eatre capable de proposer des solutions innovantes sont les crit\u00e8res prioritaires. C'est l'un de nos objectifs de contribuer \u00e0 l'emploi avec notre \u00e9quipe de \u00abbonnes personnes\u00bb qui adoptent une approche \u00e9galitaire sans discrimination entre le sexe, la langue, la religion, la race, et ne compromettent pas leur engagement envers les valeurs \u00e9thiques et soutiennent le d\u00e9veloppement continu. Conform\u00e9ment \u00e0 ce qui pr\u00e9c\u00e8de, Pi Makina, sur la base de sa vision, de sa mission et de ses valeurs d'entreprise, vise \u00e0 guider son avenir avec la valeur qu'il attribue aux personnes et la taille de l'emploi qu'il cr\u00e9e.        <\/p>\r\n            <\/div>\r\n            <\/div>\r\n\t\t\t\t<\/div>\n\t\t\t\t<\/div>\n\t\t\t\t\t<\/div>\n\t\t<\/div>\n\t\t\t\t\t<\/div>\n\t\t<\/section>\n\t\t\t\t<\/div>\n\t\t","protected":false},"excerpt":{"rendered":"<p>Home L&#8217;objectif de notre entreprise en termes de ressources humaines est d&#8217;\u00e9valuer les ressources humaines de la meilleure mani\u00e8re possible en fonction de l&#8217;objectif, de la vision d&#8217;entreprise et de la mission de notre entreprise, et de pr\u00e9parer et d\u00e9velopper l&#8217;infrastructure de main-d&#8217;\u0153uvre n\u00e9cessaire afin que l&#8217;entreprise puisse r\u00e9aliser son buts et objectifs, et mettre [&hellip;]<\/p>\n","protected":false},"author":1,"featured_media":0,"parent":0,"menu_order":0,"comment_status":"closed","ping_status":"closed","template":"template-fullwidth.php","meta":{"footnotes":""},"class_list":["post-16094","page","type-page","status-publish","hentry"],"yoast_head":"<!-- This site is optimized with the Yoast SEO plugin v26.9 - https:\/\/yoast.com\/product\/yoast-seo-wordpress\/ -->\n<title>RH - Pi Makina<\/title>\n<meta name=\"robots\" content=\"index, follow, max-snippet:-1, max-image-preview:large, max-video-preview:-1\" \/>\n<link rel=\"canonical\" href=\"https:\/\/pimakina.com\/fr\/rh\/\" \/>\n<meta property=\"og:locale\" content=\"fr_FR\" \/>\n<meta property=\"og:type\" content=\"article\" \/>\n<meta property=\"og:title\" content=\"RH - Pi Makina\" \/>\n<meta property=\"og:description\" content=\"Home L&#8217;objectif de notre entreprise en termes de ressources humaines est d&#8217;\u00e9valuer les ressources humaines de la meilleure mani\u00e8re possible en fonction de l&#8217;objectif, de la vision d&#8217;entreprise et de la mission de notre entreprise, et de pr\u00e9parer et d\u00e9velopper l&#8217;infrastructure de main-d&#8217;\u0153uvre n\u00e9cessaire afin que l&#8217;entreprise puisse r\u00e9aliser son buts et objectifs, et mettre [&hellip;]\" \/>\n<meta property=\"og:url\" content=\"https:\/\/pimakina.com\/fr\/rh\/\" \/>\n<meta property=\"og:site_name\" content=\"Pi Makina\" \/>\n<meta property=\"article:modified_time\" content=\"2023-05-22T14:29:28+00:00\" \/>\n<meta name=\"twitter:card\" content=\"summary_large_image\" \/>\n<meta name=\"twitter:label1\" content=\"Dur\u00e9e de lecture estim\u00e9e\" \/>\n\t<meta name=\"twitter:data1\" content=\"2 minutes\" \/>\n<script type=\"application\/ld+json\" class=\"yoast-schema-graph\">{\"@context\":\"https:\/\/schema.org\",\"@graph\":[{\"@type\":\"WebPage\",\"@id\":\"https:\/\/pimakina.com\/fr\/rh\/\",\"url\":\"https:\/\/pimakina.com\/fr\/rh\/\",\"name\":\"RH - Pi Makina\",\"isPartOf\":{\"@id\":\"https:\/\/pimakina.com\/#website\"},\"datePublished\":\"2022-12-28T09:42:30+00:00\",\"dateModified\":\"2023-05-22T14:29:28+00:00\",\"breadcrumb\":{\"@id\":\"https:\/\/pimakina.com\/fr\/rh\/#breadcrumb\"},\"inLanguage\":\"fr-FR\",\"potentialAction\":[{\"@type\":\"ReadAction\",\"target\":[\"https:\/\/pimakina.com\/fr\/rh\/\"]}]},{\"@type\":\"BreadcrumbList\",\"@id\":\"https:\/\/pimakina.com\/fr\/rh\/#breadcrumb\",\"itemListElement\":[{\"@type\":\"ListItem\",\"position\":1,\"name\":\"Home\",\"item\":\"https:\/\/pimakina.com\/pl\/\"},{\"@type\":\"ListItem\",\"position\":2,\"name\":\"RH\"}]},{\"@type\":\"WebSite\",\"@id\":\"https:\/\/pimakina.com\/#website\",\"url\":\"https:\/\/pimakina.com\/\",\"name\":\"Pi Makina\",\"description\":\"\",\"alternateName\":\"Pi Makina\",\"potentialAction\":[{\"@type\":\"SearchAction\",\"target\":{\"@type\":\"EntryPoint\",\"urlTemplate\":\"https:\/\/pimakina.com\/?s={search_term_string}\"},\"query-input\":{\"@type\":\"PropertyValueSpecification\",\"valueRequired\":true,\"valueName\":\"search_term_string\"}}],\"inLanguage\":\"fr-FR\"}]}<\/script>\n<!-- \/ Yoast SEO plugin. -->","yoast_head_json":{"title":"RH - Pi Makina","robots":{"index":"index","follow":"follow","max-snippet":"max-snippet:-1","max-image-preview":"max-image-preview:large","max-video-preview":"max-video-preview:-1"},"canonical":"https:\/\/pimakina.com\/fr\/rh\/","og_locale":"fr_FR","og_type":"article","og_title":"RH - Pi Makina","og_description":"Home L&#8217;objectif de notre entreprise en termes de ressources humaines est d&#8217;\u00e9valuer les ressources humaines de la meilleure mani\u00e8re possible en fonction de l&#8217;objectif, de la vision d&#8217;entreprise et de la mission de notre entreprise, et de pr\u00e9parer et d\u00e9velopper l&#8217;infrastructure de main-d&#8217;\u0153uvre n\u00e9cessaire afin que l&#8217;entreprise puisse r\u00e9aliser son buts et objectifs, et mettre [&hellip;]","og_url":"https:\/\/pimakina.com\/fr\/rh\/","og_site_name":"Pi Makina","article_modified_time":"2023-05-22T14:29:28+00:00","twitter_card":"summary_large_image","twitter_misc":{"Dur\u00e9e de lecture estim\u00e9e":"2 minutes"},"schema":{"@context":"https:\/\/schema.org","@graph":[{"@type":"WebPage","@id":"https:\/\/pimakina.com\/fr\/rh\/","url":"https:\/\/pimakina.com\/fr\/rh\/","name":"RH - Pi Makina","isPartOf":{"@id":"https:\/\/pimakina.com\/#website"},"datePublished":"2022-12-28T09:42:30+00:00","dateModified":"2023-05-22T14:29:28+00:00","breadcrumb":{"@id":"https:\/\/pimakina.com\/fr\/rh\/#breadcrumb"},"inLanguage":"fr-FR","potentialAction":[{"@type":"ReadAction","target":["https:\/\/pimakina.com\/fr\/rh\/"]}]},{"@type":"BreadcrumbList","@id":"https:\/\/pimakina.com\/fr\/rh\/#breadcrumb","itemListElement":[{"@type":"ListItem","position":1,"name":"Home","item":"https:\/\/pimakina.com\/pl\/"},{"@type":"ListItem","position":2,"name":"RH"}]},{"@type":"WebSite","@id":"https:\/\/pimakina.com\/#website","url":"https:\/\/pimakina.com\/","name":"Pi Makina","description":"","alternateName":"Pi Makina","potentialAction":[{"@type":"SearchAction","target":{"@type":"EntryPoint","urlTemplate":"https:\/\/pimakina.com\/?s={search_term_string}"},"query-input":{"@type":"PropertyValueSpecification","valueRequired":true,"valueName":"search_term_string"}}],"inLanguage":"fr-FR"}]}},"_links":{"self":[{"href":"https:\/\/pimakina.com\/fr\/wp-json\/wp\/v2\/pages\/16094","targetHints":{"allow":["GET"]}}],"collection":[{"href":"https:\/\/pimakina.com\/fr\/wp-json\/wp\/v2\/pages"}],"about":[{"href":"https:\/\/pimakina.com\/fr\/wp-json\/wp\/v2\/types\/page"}],"author":[{"embeddable":true,"href":"https:\/\/pimakina.com\/fr\/wp-json\/wp\/v2\/users\/1"}],"replies":[{"embeddable":true,"href":"https:\/\/pimakina.com\/fr\/wp-json\/wp\/v2\/comments?post=16094"}],"version-history":[{"count":0,"href":"https:\/\/pimakina.com\/fr\/wp-json\/wp\/v2\/pages\/16094\/revisions"}],"wp:attachment":[{"href":"https:\/\/pimakina.com\/fr\/wp-json\/wp\/v2\/media?parent=16094"}],"curies":[{"name":"wp","href":"https:\/\/api.w.org\/{rel}","templated":true}]}}